{"id":694,"date":"2024-12-22T15:58:07","date_gmt":"2024-12-22T14:58:07","guid":{"rendered":"http:\/\/nexalys-development.com\/?page_id=694"},"modified":"2025-10-19T17:55:57","modified_gmt":"2025-10-19T15:55:57","slug":"home","status":"publish","type":"page","link":"https:\/\/nexalys-development.com\/","title":{"rendered":"Home"},"content":{"rendered":"\n<div class=\"wp-block-cover alignfull has-parallax\" style=\"min-height:100vh;aspect-ratio:unset;\"><div class=\"wp-block-cover__image-background wp-image-695 has-parallax\" style=\"background-position:50% 50%;background-image:url(http:\/\/nexalys-development.com\/wp-content\/uploads\/2024\/12\/image00023-scaled.jpeg)\"><\/div><span aria-hidden=\"true\" class=\"wp-block-cover__background has-background-dim\" style=\"background-color:#7d6f61\"><\/span><div class=\"wp-block-cover__inner-container is-layout-flow wp-block-cover-is-layout-flow\">\n<p class=\"has-text-align-center has-white-color has-text-color\" style=\"font-size:clamp(37.821px, 2.364rem + ((1vw - 3.2px) * 3.352), 70px);font-style:normal;font-weight:900\"><strong>Formations<\/strong><\/p>\n\n\n\n<p class=\"has-text-align-center has-white-color has-text-color has-medium-font-size\"><strong>Et si votre prochaine formation \u00e9tait celle qui marquera un tournant dans votre carri\u00e8re ?<\/strong><\/p>\n\n\n\n<div class=\"wp-block-buttons is-content-justification-center is-layout-flex wp-container-core-buttons-is-layout-a89b3969 wp-block-buttons-is-layout-flex\">\n<div class=\"wp-block-button is-style-outline is-style-outline--1\"><a class=\"wp-block-button__link has-white-color has-text-color wp-element-button\" href=\"https:\/\/nexalys-development.com\/?page_id=1041\" style=\"border-radius:0px\">En savoir plus<\/a><\/div>\n<\/div>\n<\/div><\/div>\n\n\n\n<div class=\"wp-block-cover alignfull has-parallax\" style=\"min-height:100vh;aspect-ratio:unset;\"><div class=\"wp-block-cover__image-background wp-image-695 has-parallax\" style=\"background-position:50% 50%;background-image:url(http:\/\/nexalys-development.com\/wp-content\/uploads\/2024\/12\/image00023-scaled.jpeg)\"><\/div><span aria-hidden=\"true\" class=\"wp-block-cover__background has-background-dim\" style=\"background-color:#7d6f61\"><\/span><div class=\"wp-block-cover__inner-container is-layout-flow wp-block-cover-is-layout-flow\">\n<p class=\"has-text-align-center has-white-color has-text-color\" style=\"font-size:clamp(37.821px, 2.364rem + ((1vw - 3.2px) * 3.352), 70px);font-style:normal;font-weight:900\"><strong>Conf\u00e9rences<\/strong><\/p>\n\n\n\n<p class=\"has-text-align-center has-white-color has-text-color has-medium-font-size\" style=\"letter-spacing:1px\"><strong>Augmentez l\u2019impact de vos s\u00e9minaires, conventions et \u00e9v\u00e9nements d\u2019entreprise<\/strong><\/p>\n\n\n\n<div class=\"wp-block-buttons is-content-justification-center is-layout-flex wp-container-core-buttons-is-layout-a89b3969 wp-block-buttons-is-layout-flex\">\n<div class=\"wp-block-button is-style-outline is-style-outline--2\"><a class=\"wp-block-button__link has-white-color has-text-color wp-element-button\" href=\"http:\/\/nexalys-development.com\/?page_id=711\" style=\"border-radius:0px\">En savoir plus<\/a><\/div>\n<\/div>\n<\/div><\/div>\n\n\n\n<div class=\"wp-block-cover alignfull has-parallax\" style=\"min-height:100vh;aspect-ratio:unset;\"><div class=\"wp-block-cover__image-background wp-image-695 has-parallax\" style=\"background-position:50% 50%;background-image:url(http:\/\/nexalys-development.com\/wp-content\/uploads\/2024\/12\/image00023-scaled.jpeg)\"><\/div><span aria-hidden=\"true\" class=\"wp-block-cover__background has-background-dim\" style=\"background-color:#7d6f61\"><\/span><div class=\"wp-block-cover__inner-container is-layout-flow wp-block-cover-is-layout-flow\">\n<p class=\"has-text-align-center has-white-color has-text-color\" style=\"font-size:clamp(37.821px, 2.364rem + ((1vw - 3.2px) * 3.352), 70px);font-style:normal;font-weight:900\"><strong>ProcessCommunication Model\u00ae<\/strong><\/p>\n\n\n\n<p class=\"has-text-align-center has-white-color has-text-color has-medium-font-size\" style=\"letter-spacing:1px\"><strong>Mieux se connaitre pour mieux comprendre les autres. Construisez de meilleures relation au sein de votre \u00e9quipe et de votre organisation<\/strong><\/p>\n\n\n\n<div class=\"wp-block-buttons is-content-justification-center is-layout-flex wp-container-core-buttons-is-layout-a89b3969 wp-block-buttons-is-layout-flex\">\n<div class=\"wp-block-button is-style-outline is-style-outline--3\"><a class=\"wp-block-button__link has-white-color has-text-color wp-element-button\" href=\"http:\/\/nexalys-development.com\/?page_id=713\" style=\"border-radius:0px\">En savoir plus<\/a><\/div>\n<\/div>\n<\/div><\/div>\n\n\n\n<div class=\"wp-block-group has-global-padding is-layout-constrained wp-block-group-is-layout-constrained\">\n<div class=\"wp-block-columns are-vertically-aligned-center is-layout-flex wp-container-core-columns-is-layout-28f84493 wp-block-columns-is-layout-flex\">\n<div class=\"wp-block-column is-vertically-aligned-center is-layout-flow wp-block-column-is-layout-flow\">\n<h2 class=\"wp-block-heading has-large-font-size\" style=\"font-style:normal;font-weight:700\">Nexalys Development<\/h2>\n\n\n\n<p style=\"font-size:clamp(0.875em, 0.875rem + ((1vw - 0.2em) * 0.375), 1.1em);\">21 rue du Puits Romain<br>L-8070 Bertrange<\/p>\n\n\n\n<p style=\"font-size:clamp(0.875em, 0.875rem + ((1vw - 0.2em) * 0.375), 1.1em);\">Tel: +352 691 588 934<br>Email: <a href=\"mailto:alexis.brioix@nexalys-development.com\">alexis.brioix@nexalys-development.com<\/a><\/p>\n\n\n\n<p><strong><a href=\"https:\/\/nexalys-development.com\/?page_id=895\">Mentions l\u00e9gales<\/a><\/strong><\/p>\n<\/div>\n<\/div>\n<\/div>\n\n\n\n<figure class=\"wp-block-image size-full\"><img loading=\"lazy\" decoding=\"async\" width=\"320\" height=\"140\" src=\"https:\/\/nexalys-development.com\/wp-content\/uploads\/2025\/10\/lifelong-learning-member.png\" alt=\"\" class=\"wp-image-1129\" srcset=\"https:\/\/nexalys-development.com\/wp-content\/uploads\/2025\/10\/lifelong-learning-member.png 320w, https:\/\/nexalys-development.com\/wp-content\/uploads\/2025\/10\/lifelong-learning-member-300x131.png 300w\" sizes=\"auto, (max-width: 320px) 100vw, 320px\" \/><\/figure>\n\n\n\n<p><\/p>\n","protected":false},"excerpt":{"rendered":"<p>Nexalys Development 21 rue du Puits RomainL-8070 Bertrange Tel: +352 691 588 934Email: alexis.brioix@nexalys-development.com Mentions l\u00e9gales<\/p>\n","protected":false},"author":1,"featured_media":0,"parent":0,"menu_order":0,"comment_status":"closed","ping_status":"closed","template":"","meta":{"footnotes":""},"class_list":["post-694","page","type-page","status-publish","hentry"],"_links":{"self":[{"href":"https:\/\/nexalys-development.com\/index.php?rest_route=\/wp\/v2\/pages\/694","targetHints":{"allow":["GET"]}}],"collection":[{"href":"https:\/\/nexalys-development.com\/index.php?rest_route=\/wp\/v2\/pages"}],"about":[{"href":"https:\/\/nexalys-development.com\/index.php?rest_route=\/wp\/v2\/types\/page"}],"author":[{"embeddable":true,"href":"https:\/\/nexalys-development.com\/index.php?rest_route=\/wp\/v2\/users\/1"}],"replies":[{"embeddable":true,"href":"https:\/\/nexalys-development.com\/index.php?rest_route=%2Fwp%2Fv2%2Fcomments&post=694"}],"version-history":[{"count":20,"href":"https:\/\/nexalys-development.com\/index.php?rest_route=\/wp\/v2\/pages\/694\/revisions"}],"predecessor-version":[{"id":1130,"href":"https:\/\/nexalys-development.com\/index.php?rest_route=\/wp\/v2\/pages\/694\/revisions\/1130"}],"wp:attachment":[{"href":"https:\/\/nexalys-development.com\/index.php?rest_route=%2Fwp%2Fv2%2Fmedia&parent=694"}],"curies":[{"name":"wp","href":"https:\/\/api.w.org\/{rel}","templated":true}]}}