{"id":713,"date":"2024-12-22T16:08:30","date_gmt":"2024-12-22T15:08:30","guid":{"rendered":"http:\/\/nexalys-development.com\/?page_id=713"},"modified":"2025-08-10T18:17:52","modified_gmt":"2025-08-10T16:17:52","slug":"processcommunication-model","status":"publish","type":"page","link":"https:\/\/nexalys-development.com\/?page_id=713","title":{"rendered":"ProcessCommunication Model\u00ae"},"content":{"rendered":"\n<div class=\"wp-block-group alignfull has-white-color has-black-background-color has-text-color has-background is-layout-flow wp-block-group-is-layout-flow\">\n<div class=\"wp-block-cover alignfull has-parallax\" style=\"min-height:100vh;aspect-ratio:unset;\"><div class=\"wp-block-cover__image-background wp-image-695 has-parallax\" style=\"background-position:50% 50%;background-image:url(http:\/\/nexalys-development.com\/wp-content\/uploads\/2024\/12\/image00023-scaled.jpeg)\"><\/div><span aria-hidden=\"true\" class=\"wp-block-cover__background has-background-dim\" style=\"background-color:#7d6f61\"><\/span><div class=\"wp-block-cover__inner-container is-layout-flow wp-block-cover-is-layout-flow\">\n<p class=\"has-text-align-center has-white-color has-text-color\" style=\"font-size:clamp(37.821px, 2.364rem + ((1vw - 3.2px) * 3.352), 70px);font-style:normal;font-weight:900\"><strong>ProcessCommunication Model\u00ae<\/strong><\/p>\n\n\n\n<p class=\"has-text-align-center has-white-color has-text-color has-medium-font-size\" style=\"letter-spacing:1px\"><strong>Plus qu&#8217;un outil sur la communication interpersonnelle<\/strong><\/p>\n<\/div><\/div>\n\n\n\n<div class=\"wp-block-group has-global-padding is-layout-constrained wp-container-core-group-is-layout-3a820303 wp-block-group-is-layout-constrained\" style=\"padding-right:var(--wp--preset--spacing--small);padding-left:var(--wp--preset--spacing--small)\">\n<h2 class=\"wp-block-heading wp-embed-aspect-16-9 wp-has-aspect-ratio has-white-color has-text-color has-large-font-size\" id=\"inspiro-is-a-digital-product-agency-that-focuses-on-strategy-and-design\" style=\"font-style:normal;font-weight:100\"><strong>Qu&#8217;est-ce que la ProcessCommunication ?<\/strong><\/h2>\n\n\n\n<h3 class=\"wp-block-heading\"><mark style=\"background-color:rgba(0, 0, 0, 0)\" class=\"has-inline-color has-secondary-color\">La communication est au c\u0153ur de tout : une vente, un projet, une relation client, un management efficace\u2026<\/mark><\/h3>\n\n\n\n<h3 class=\"wp-block-heading\"><br><mark style=\"background-color:rgba(0, 0, 0, 0)\" class=\"has-inline-color has-secondary-color\">Le mod\u00e8le Process Communication\u00ae (PCM) vous donne une grille de lecture claire et puissante pour comprendre vos interlocuteurs, vous adapter \u00e0 leurs besoins et \u00e9viter les malentendus qui plombent les relations et les r\u00e9sultats.<\/mark><\/h3>\n\n\n\n<div style=\"height:100px\" aria-hidden=\"true\" class=\"wp-block-spacer\"><\/div>\n\n\n\n<div class=\"wp-block-columns wp-embed-aspect-16-9 wp-has-aspect-ratio is-layout-flex wp-container-core-columns-is-layout-28f84493 wp-block-columns-is-layout-flex\">\n<div class=\"wp-block-column is-layout-flow wp-block-column-is-layout-flow\">\n<figure class=\"wp-block-image size-large\"><img loading=\"lazy\" decoding=\"async\" width=\"1200\" height=\"800\" src=\"https:\/\/nexalys-development.com\/wp-content\/uploads\/2025\/08\/6-edited-1.png\" alt=\"\" class=\"wp-image-1117\" srcset=\"https:\/\/nexalys-development.com\/wp-content\/uploads\/2025\/08\/6-edited-1.png 1200w, https:\/\/nexalys-development.com\/wp-content\/uploads\/2025\/08\/6-edited-1-300x200.png 300w, https:\/\/nexalys-development.com\/wp-content\/uploads\/2025\/08\/6-edited-1-1024x683.png 1024w\" sizes=\"auto, (max-width: 1200px) 100vw, 1200px\" \/><\/figure>\n\n\n\n<h3 class=\"wp-block-heading has-white-color has-text-color has-link-color has-medium-font-size wp-elements-f5d7a521c1bbff1004a9b3b1ec002719\">\u00c0 qui s\u2019adresse cette formation ?<\/h3>\n\n\n\n<p class=\"has-text-color\" style=\"color:#7a7a7a\"><mark style=\"background-color:rgba(0, 0, 0, 0)\" class=\"has-inline-color has-secondary-color\">Cette formation est con\u00e7ue pour toutes celles et ceux qui doivent interagir, convaincre ou f\u00e9d\u00e9rer au quotidien :<\/mark><\/p>\n\n\n\n<p>Toute personne qui veut am\u00e9liorer ses relations professionnelles\u2026 et personnelles<\/p>\n\n\n\n<p>Managers, dirigeants, chefs de projet<\/p>\n\n\n\n<p>Commerciaux, services clients<\/p>\n\n\n\n<p>Formateurs, coachs, consultants<\/p>\n\n\n\n<p>Professionnels de sant\u00e9, enseignants<\/p>\n<\/div>\n\n\n\n<div class=\"wp-block-column is-layout-flow wp-block-column-is-layout-flow\">\n<figure class=\"wp-block-image size-large\"><img loading=\"lazy\" decoding=\"async\" width=\"1200\" height=\"800\" src=\"https:\/\/nexalys-development.com\/wp-content\/uploads\/2025\/08\/Design-sans-titre-edited.png\" alt=\"\" class=\"wp-image-1118\" srcset=\"https:\/\/nexalys-development.com\/wp-content\/uploads\/2025\/08\/Design-sans-titre-edited.png 1200w, https:\/\/nexalys-development.com\/wp-content\/uploads\/2025\/08\/Design-sans-titre-edited-300x200.png 300w, https:\/\/nexalys-development.com\/wp-content\/uploads\/2025\/08\/Design-sans-titre-edited-1024x683.png 1024w\" sizes=\"auto, (max-width: 1200px) 100vw, 1200px\" \/><\/figure>\n\n\n\n<h3 class=\"wp-block-heading has-white-color has-text-color has-medium-font-size\">Ce que vous allez apprendre<\/h3>\n\n\n\n<p class=\"has-text-color\" style=\"color:#7a7a7a\"><mark style=\"background-color:rgba(0, 0, 0, 0)\" class=\"has-inline-color has-secondary-color\">Identifier le profil de personnalit\u00e9 de vos interlocuteurs<\/mark><\/p>\n\n\n\n<p>Adapter votre communication&nbsp;\u00e0 votre interlocuteur<\/p>\n\n\n\n<p>Pr\u00e9venir et g\u00e9rer les situations de stress&nbsp;avant qu\u2019elles ne deviennent des conflits<\/p>\n\n\n\n<p>Cr\u00e9er des relations de confiance&nbsp;plus fluides et authentiques<\/p>\n\n\n\n<p class=\"has-text-color\" style=\"color:#7a7a7a\"><mark style=\"background-color:rgba(0, 0, 0, 0)\" class=\"has-inline-color has-white-color\">Mieux vous conna\u00eetre&nbsp;pour optimiser votre propre style de communication<\/mark><\/p>\n<\/div>\n\n\n\n<div class=\"wp-block-column is-layout-flow wp-block-column-is-layout-flow\">\n<figure class=\"wp-block-image size-large\"><img loading=\"lazy\" decoding=\"async\" width=\"2048\" height=\"1365\" src=\"https:\/\/nexalys-development.com\/wp-content\/uploads\/2025\/08\/81b15914-82df-4ee7-8da6-e28e8d10c8cf-2-edited.jpg\" alt=\"\" class=\"wp-image-1119\" srcset=\"https:\/\/nexalys-development.com\/wp-content\/uploads\/2025\/08\/81b15914-82df-4ee7-8da6-e28e8d10c8cf-2-edited.jpg 2048w, https:\/\/nexalys-development.com\/wp-content\/uploads\/2025\/08\/81b15914-82df-4ee7-8da6-e28e8d10c8cf-2-edited-300x200.jpg 300w, https:\/\/nexalys-development.com\/wp-content\/uploads\/2025\/08\/81b15914-82df-4ee7-8da6-e28e8d10c8cf-2-edited-1024x683.jpg 1024w, https:\/\/nexalys-development.com\/wp-content\/uploads\/2025\/08\/81b15914-82df-4ee7-8da6-e28e8d10c8cf-2-edited-2000x1333.jpg 2000w\" sizes=\"auto, (max-width: 2048px) 100vw, 2048px\" \/><\/figure>\n\n\n\n<h3 class=\"wp-block-heading has-white-color has-text-color has-medium-font-size\">Les b\u00e9n\u00e9fices pour votre \u00e9quipe<\/h3>\n\n\n\n<p class=\"has-text-color\" style=\"color:#7a7a7a\"><mark style=\"background-color:rgba(0, 0, 0, 0)\" class=\"has-inline-color has-secondary-color\">Moins de tensions, plus de motivation !<\/mark><\/p>\n\n\n\n<p>Plus d\u2019efficacit\u00e9 dans vos \u00e9changes, r\u00e9unions et n\u00e9gociations<\/p>\n\n\n\n<p>Des relations de travail plus harmonieuses et productives<\/p>\n\n\n\n<p>Une meilleure coh\u00e9sion d\u2019\u00e9quipe et un climat de confiance<\/p>\n\n\n\n<p class=\"has-text-color\" style=\"color:#7a7a7a\"><mark style=\"background-color:rgba(0, 0, 0, 0)\" class=\"has-inline-color has-white-color\">Une communication claire qui fait gagner du temps et de l\u2019\u00e9nergie<\/mark><\/p>\n<\/div>\n<\/div>\n\n\n\n<div style=\"height:100px\" aria-hidden=\"true\" class=\"wp-block-spacer\"><\/div>\n<\/div>\n\n\n\n<div class=\"wp-block-group is-nowrap is-layout-flex wp-container-core-group-is-layout-6c531013 wp-block-group-is-layout-flex\">\n<div class=\"wp-block-group alignfull has-black-background-color has-background has-global-padding is-layout-constrained wp-container-core-group-is-layout-93707e3a wp-block-group-is-layout-constrained\" id=\"reel\" style=\"margin-top:0px;margin-bottom:0px\">\n<h2 class=\"wp-block-heading has-white-color has-text-color has-max-48-font-size\">Le fonctionnement de PCM<\/h2>\n\n\n\n<figure class=\"wp-block-embed is-type-video is-provider-youtube wp-block-embed-youtube wp-embed-aspect-16-9 wp-has-aspect-ratio\"><div class=\"wp-block-embed__wrapper\">\n<iframe loading=\"lazy\" title=\"Qu&#039;est-ce que la Process Communication Model?\" width=\"950\" height=\"534\" src=\"https:\/\/www.youtube.com\/embed\/RuG_UCZIULI?feature=oembed\" frameborder=\"0\" allow=\"accelerometer; autoplay; clipboard-write; encrypted-media; gyroscope; picture-in-picture; web-share\" referrerpolicy=\"strict-origin-when-cross-origin\" allowfullscreen><\/iframe>\n<\/div><\/figure>\n<\/div>\n\n\n\n<div class=\"wp-block-group alignwide is-layout-flow wp-container-core-group-is-layout-5dcfa7ce wp-block-group-is-layout-flow\" style=\"padding-top:var(--wp--preset--spacing--medium);padding-right:var(--wp--preset--spacing--small);padding-bottom:var(--wp--preset--spacing--medium);padding-left:var(--wp--preset--spacing--small)\">\n<h2 class=\"wp-block-heading has-text-align-center has-large-font-size\"><mark style=\"background-color:rgba(0, 0, 0, 0)\" class=\"has-inline-color has-white-color\">Pr\u00eat \u00e0 transformer vos interactions ?<\/mark><\/h2>\n\n\n\n<div class=\"wp-block-columns is-layout-flex wp-container-core-columns-is-layout-28f84493 wp-block-columns-is-layout-flex\">\n<div class=\"wp-block-column is-layout-flow wp-block-column-is-layout-flow\"><\/div>\n\n\n\n<div class=\"wp-block-column is-layout-flow wp-block-column-is-layout-flow\" style=\"flex-basis:720px\">\n<p class=\"has-text-align-center\" style=\"margin-top:var(--wp--preset--spacing--small)\">La Process Communication\u00ae n\u2019est pas qu\u2019un mod\u00e8le, c\u2019est une nouvelle fa\u00e7on de voir les autres\u2026 et soi-m\u00eame.<\/p>\n\n\n\n<p class=\"has-text-align-center\" style=\"margin-top:var(--wp--preset--spacing--small)\"><br>Une fois que vous l\u2019aurez exp\u00e9riment\u00e9e, vous ne communiquerez plus jamais de la m\u00eame fa\u00e7on.<\/p>\n\n\n\n<div style=\"height:34px\" aria-hidden=\"true\" class=\"wp-block-spacer wp-embed-aspect-16-9 wp-has-aspect-ratio\"><\/div>\n\n\n\n<p class=\"has-text-align-center\" style=\"margin-top:var(--wp--preset--spacing--small)\"><\/p>\n\n\n\n<div class=\"wp-block-buttons is-content-justification-center is-layout-flex wp-container-core-buttons-is-layout-2af897fb wp-block-buttons-is-layout-flex\" style=\"margin-top:var(--wp--preset--spacing--medium)\">\n<div class=\"wp-block-button\"><a class=\"wp-block-button__link has-secondary-background-color has-background wp-element-button\" href=\"https:\/\/nexalys-development.com\/?page_id=719\">Contact<\/a><\/div>\n\n\n\n<div class=\"wp-block-button is-style-outline is-style-outline--1\"><a class=\"wp-block-button__link wp-element-button\" href=\"https:\/\/nexalys-development.com\/?page_id=717\">A Propos<\/a><\/div>\n<\/div>\n<\/div>\n\n\n\n<div class=\"wp-block-column is-layout-flow wp-block-column-is-layout-flow\"><\/div>\n<\/div>\n<\/div>\n<\/div>\n\n\n\n<div class=\"wp-block-group has-primary-background-color has-background has-global-padding is-layout-constrained wp-container-core-group-is-layout-5fbedae1 wp-block-group-is-layout-constrained\" style=\"border-top-left-radius:8px;border-top-right-radius:8px;border-bottom-left-radius:0px;border-bottom-right-radius:0px;padding-top:var(--wp--preset--spacing--large);padding-right:var(--wp--preset--spacing--large);padding-bottom:var(--wp--preset--spacing--large);padding-left:var(--wp--preset--spacing--large)\">\n<figure class=\"wp-block-image aligncenter size-full is-resized is-style-rounded\"><img loading=\"lazy\" decoding=\"async\" width=\"1707\" height=\"2560\" src=\"http:\/\/nexalys-development.com\/wp-content\/uploads\/2025\/04\/IMG_3522-scaled.jpg\" alt=\"\" class=\"wp-image-969\" style=\"aspect-ratio:1;object-fit:cover;width:214px;height:auto\" srcset=\"https:\/\/nexalys-development.com\/wp-content\/uploads\/2025\/04\/IMG_3522-scaled.jpg 1707w, https:\/\/nexalys-development.com\/wp-content\/uploads\/2025\/04\/IMG_3522-200x300.jpg 200w, https:\/\/nexalys-development.com\/wp-content\/uploads\/2025\/04\/IMG_3522-683x1024.jpg 683w, https:\/\/nexalys-development.com\/wp-content\/uploads\/2025\/04\/IMG_3522-2000x3000.jpg 2000w\" sizes=\"auto, (max-width: 1707px) 100vw, 1707px\" \/><\/figure>\n\n\n\n<div class=\"wp-block-group has-global-padding is-layout-constrained wp-container-core-group-is-layout-7c6d2669 wp-block-group-is-layout-constrained\">\n<h3 class=\"wp-block-heading has-text-align-center has-white-color has-text-color\">Alexis Brioix<\/h3>\n\n\n\n<p class=\"has-text-align-center has-white-color has-text-color has-x-small-font-size\">Formateur &amp; Conf\u00e9rencier<\/p>\n<\/div>\n\n\n\n<ul class=\"wp-block-social-links has-normal-icon-size has-icon-color is-style-logos-only is-content-justification-center is-layout-flex wp-container-core-social-links-is-layout-a89b3969 wp-block-social-links-is-layout-flex\"><li style=\"color:#ffffff;\" class=\"wp-social-link wp-social-link-linkedin has-white-color wp-block-social-link\"><a href=\"https:\/\/www.linkedin.com\/in\/alexis-brioix-81129286\/\" class=\"wp-block-social-link-anchor\"><svg width=\"24\" height=\"24\" viewBox=\"0 0 24 24\" version=\"1.1\" xmlns=\"http:\/\/www.w3.org\/2000\/svg\" aria-hidden=\"true\" focusable=\"false\"><path d=\"M19.7,3H4.3C3.582,3,3,3.582,3,4.3v15.4C3,20.418,3.582,21,4.3,21h15.4c0.718,0,1.3-0.582,1.3-1.3V4.3 C21,3.582,20.418,3,19.7,3z M8.339,18.338H5.667v-8.59h2.672V18.338z M7.004,8.574c-0.857,0-1.549-0.694-1.549-1.548 c0-0.855,0.691-1.548,1.549-1.548c0.854,0,1.547,0.694,1.547,1.548C8.551,7.881,7.858,8.574,7.004,8.574z M18.339,18.338h-2.669 v-4.177c0-0.996-0.017-2.278-1.387-2.278c-1.389,0-1.601,1.086-1.601,2.206v4.249h-2.667v-8.59h2.559v1.174h0.037 c0.356-0.675,1.227-1.387,2.526-1.387c2.703,0,3.203,1.779,3.203,4.092V18.338z\"><\/path><\/svg><span class=\"wp-block-social-link-label screen-reader-text\">LinkedIn<\/span><\/a><\/li><\/ul>\n<\/div>\n<\/div>\n\n\n\n<div style=\"height:0px\" aria-hidden=\"true\" class=\"wp-block-spacer\"><\/div>\n\n\n\n<div class=\"wp-block-group has-global-padding is-layout-constrained wp-block-group-is-layout-constrained\">\n<div class=\"wp-block-columns are-vertically-aligned-center is-layout-flex wp-container-core-columns-is-layout-28f84493 wp-block-columns-is-layout-flex\">\n<div class=\"wp-block-column is-vertically-aligned-center is-layout-flow wp-block-column-is-layout-flow\">\n<h2 class=\"wp-block-heading has-large-font-size\" style=\"font-style:normal;font-weight:700\">Nexalys Development<\/h2>\n\n\n\n<p>21 rue du Puits Romain<br>L-8070 Bertrange, Luxembourg<\/p>\n\n\n\n<p>Tel: +352 691 588 934<br>Email:&nbsp;<a href=\"mailto:example@example.com\">alexis.brioix@nexalys-development.com<\/a><\/p>\n\n\n\n<p><a href=\"https:\/\/nexalys-development.com\/?page_id=895\">Mentions L\u00e9gales<\/a><\/p>\n<\/div>\n<\/div>\n<\/div>\n","protected":false},"excerpt":{"rendered":"<p>Qu&#8217;est-ce que la ProcessCommunication ? La communication est au c\u0153ur de tout : une vente, un projet, une relation client, un management efficace\u2026 Le mod\u00e8le Process Communication\u00ae (PCM) vous donne une grille de lecture claire et puissante pour comprendre vos interlocuteurs, vous adapter \u00e0 leurs besoins et \u00e9viter les malentendus qui plombent les relations et &hellip; <\/p>\n<p class=\"link-more\"><a href=\"https:\/\/nexalys-development.com\/?page_id=713\" class=\"more-link\">Read more<span class=\"screen-reader-text\"> &#8220;ProcessCommunication Model\u00ae&#8221;<\/span><\/a><\/p>\n","protected":false},"author":1,"featured_media":0,"parent":0,"menu_order":0,"comment_status":"closed","ping_status":"closed","template":"","meta":{"footnotes":""},"class_list":["post-713","page","type-page","status-publish","hentry"],"_links":{"self":[{"href":"https:\/\/nexalys-development.com\/index.php?rest_route=\/wp\/v2\/pages\/713","targetHints":{"allow":["GET"]}}],"collection":[{"href":"https:\/\/nexalys-development.com\/index.php?rest_route=\/wp\/v2\/pages"}],"about":[{"href":"https:\/\/nexalys-development.com\/index.php?rest_route=\/wp\/v2\/types\/page"}],"author":[{"embeddable":true,"href":"https:\/\/nexalys-development.com\/index.php?rest_route=\/wp\/v2\/users\/1"}],"replies":[{"embeddable":true,"href":"https:\/\/nexalys-development.com\/index.php?rest_route=%2Fwp%2Fv2%2Fcomments&post=713"}],"version-history":[{"count":19,"href":"https:\/\/nexalys-development.com\/index.php?rest_route=\/wp\/v2\/pages\/713\/revisions"}],"predecessor-version":[{"id":1120,"href":"https:\/\/nexalys-development.com\/index.php?rest_route=\/wp\/v2\/pages\/713\/revisions\/1120"}],"wp:attachment":[{"href":"https:\/\/nexalys-development.com\/index.php?rest_route=%2Fwp%2Fv2%2Fmedia&parent=713"}],"curies":[{"name":"wp","href":"https:\/\/api.w.org\/{rel}","templated":true}]}}