{"id":895,"date":"2025-01-19T12:46:38","date_gmt":"2025-01-19T11:46:38","guid":{"rendered":"https:\/\/nexalys-development.com\/?page_id=895"},"modified":"2025-09-21T15:48:19","modified_gmt":"2025-09-21T13:48:19","slug":"mentions-legales","status":"publish","type":"page","link":"https:\/\/nexalys-development.com\/?page_id=895","title":{"rendered":"Mentions l\u00e9gales"},"content":{"rendered":"\n<div class=\"wp-block-cover alignfull is-light has-parallax\" style=\"min-height:100vh;aspect-ratio:unset;\"><div class=\"wp-block-cover__image-background wp-image-696 has-parallax\" style=\"background-position:50% 50%;background-image:url(http:\/\/nexalys-development.com\/wp-content\/uploads\/2024\/12\/cropped-image00023-scaled-1.jpeg)\"><\/div><span aria-hidden=\"true\" class=\"wp-block-cover__background has-background-dim\" style=\"background-color:#FFF\"><\/span><div class=\"wp-block-cover__inner-container is-layout-flow wp-block-cover-is-layout-flow\">\n<p class=\"has-text-align-center has-white-color has-text-color\" style=\"font-size:clamp(37.821px, 2.364rem + ((1vw - 3.2px) * 3.352), 70px);font-style:normal;font-weight:900\"><strong>Mentions l\u00e9gales<\/strong><\/p>\n<\/div><\/div>\n\n\n\n<div class=\"wp-block-group alignfull has-background has-global-padding is-layout-constrained wp-block-group-is-layout-constrained\" style=\"background-color:#e5e9ec;padding-top:var(--wp--preset--spacing--small);padding-bottom:var(--wp--preset--spacing--small)\">\n<div class=\"wp-block-columns is-layout-flex wp-container-core-columns-is-layout-7db7aa3e wp-block-columns-is-layout-flex\" style=\"padding-right:0;padding-left:0\">\n<div class=\"wp-block-column is-vertically-aligned-center is-layout-flow wp-block-column-is-layout-flow\">\n<h2 class=\"wp-block-heading has-medium-font-size\" style=\"text-transform:uppercase\">Mentions l\u00e9gales<\/h2>\n\n\n\n<h3 class=\"wp-block-heading\">Information sur l\u2019entreprise<\/h3>\n\n\n\n<p><strong>Nom de l\u2019entreprise<\/strong>&nbsp;<strong>&amp; forme juridique<\/strong><\/p>\n\n\n\n<p>Nexalys Development, soci\u00e9t\u00e9 \u00e0 responsabilit\u00e9 limit\u00e9e simplifi\u00e9e (s\u00e0rls)<\/p>\n\n\n\n<p><strong>Adresse du si\u00e8ge social<\/strong><\/p>\n\n\n\n<p>21 rue du Puits Romain, L-8070 Bertrange, Luxembourg<\/p>\n\n\n\n<p><strong>RCS<\/strong> B292263<\/p>\n\n\n\n<p><strong>Autorisation d&#8217;\u00e9tablissement <\/strong>10175029 \/ 1<\/p>\n\n\n\n<p><strong>Num\u00e9ro de TVA<\/strong><\/p>\n\n\n\n<p>LU36244335<\/p>\n\n\n\n<h3 class=\"wp-block-heading\">Responsable de la publication<\/h3>\n\n\n\n<p>M.Alexis Brioix en qualit\u00e9 de g\u00e9rant de Nexalys Development s\u00e0rls<\/p>\n\n\n\n<p><strong>Contact<\/strong><\/p>\n\n\n\n<p>alexis.brioix@nexalys-development.com<\/p>\n\n\n\n<p>+352 691 588 934<\/p>\n\n\n\n<h3 class=\"wp-block-heading\">H\u00e9bergeur du site<\/h3>\n\n\n\n<p>Le site&nbsp;nexaly-development.com est h\u00e9berg\u00e9 chez OVH.<br>2 rue Kellermann<br>FR-59100 Roubaix<\/p>\n\n\n\n<h3 class=\"wp-block-heading\">Politique de protection des donn\u00e9es personnelles (RGPD)<\/h3>\n\n\n\n<p><strong>Collecte et traitement des donn\u00e9es personnelles<\/strong><\/p>\n\n\n\n<p>Aucune donn\u00e9e personnelle n\u2019est collect\u00e9e automatiquement sur ce site. Les seules informations que nous recueillons sont celles que vous nous fournissez volontairement en nous contactant directement par e-mail.<\/p>\n\n\n\n<p><strong>Finalit\u00e9 et base l\u00e9gale du traitement<\/strong><\/p>\n\n\n\n<p>Les donn\u00e9es personnelles que vous nous communiquez par e-mail sont trait\u00e9es uniquement dans le but de r\u00e9pondre \u00e0 vos demandes ou questions. La base l\u00e9gale de ce traitement est l\u2019int\u00e9r\u00eat l\u00e9gitime, conform\u00e9ment \u00e0 l\u2019article 6, paragraphe 1, point f) du RGPD.<\/p>\n\n\n\n<p><strong>Destinataires des donn\u00e9es<\/strong><\/p>\n\n\n\n<p>Vos donn\u00e9es personnelles sont destin\u00e9es exclusivement \u00e0 Nexalys Development et ne seront en aucun cas transmises \u00e0 des tiers sans votre consentement pr\u00e9alable, sauf obligation l\u00e9gale.<\/p>\n\n\n\n<p><strong>Dur\u00e9e de conservation des donn\u00e9es<\/strong><\/p>\n\n\n\n<p>Les donn\u00e9es collect\u00e9es seront conserv\u00e9es pendant la dur\u00e9e n\u00e9cessaire au traitement de votre demande. Une fois votre demande trait\u00e9e, vos donn\u00e9es seront supprim\u00e9es, sauf si une obligation l\u00e9gale impose une conservation plus longue.<\/p>\n\n\n\n<p><strong>Finalit\u00e9s du traitement des donn\u00e9es<\/strong><\/p>\n\n\n\n<p>Les donn\u00e9es collect\u00e9es sont trait\u00e9es pour les finalit\u00e9s suivantes :<\/p>\n\n\n\n<p>\u2022 R\u00e9pondre aux demandes et questions envoy\u00e9es par les utilisateurs.<\/p>\n\n\n\n<p>\u2022 \u00c9tablir une communication avec les utilisateurs si n\u00e9cessaire.<\/p>\n\n\n\n<p><strong>Base l\u00e9gale du traitement<\/strong><\/p>\n\n\n\n<p>Le traitement de ces donn\u00e9es repose sur le consentement de l\u2019utilisateur, donn\u00e9 lors de l&#8217;envoi de l&#8217;email.<\/p>\n\n\n\n<p><strong>Destinataires des donn\u00e9es<\/strong><\/p>\n\n\n\n<p>Les donn\u00e9es collect\u00e9es sont exclusivement destin\u00e9es \u00e0 Nexalys Development. Aucune donn\u00e9e personnelle n\u2019est transmise \u00e0 des tiers, sauf obligation l\u00e9gale.<\/p>\n\n\n\n<p><strong>Dur\u00e9e de conservation des donn\u00e9es<\/strong><\/p>\n\n\n\n<p>Les donn\u00e9es personnelles collect\u00e9es sont conserv\u00e9es pendant une dur\u00e9e maximale de&nbsp;<strong>12 mois<\/strong>&nbsp;\u00e0 compter de leur collecte ou du dernier contact avec l\u2019utilisateur.<\/p>\n\n\n\n<p><strong>Droits des utilisateurs<\/strong><\/p>\n\n\n\n<p>Conform\u00e9ment au R\u00e8glement g\u00e9n\u00e9ral sur la protection des donn\u00e9es (RGPD), les utilisateurs disposent des droits suivants concernant leurs donn\u00e9es personnelles :<\/p>\n\n\n\n<p>\u2022&nbsp;<strong>Droit d\u2019acc\u00e8s<\/strong>&nbsp;: obtenir des informations sur les donn\u00e9es trait\u00e9es.<\/p>\n\n\n\n<p>\u2022&nbsp;<strong>Droit de rectification<\/strong>&nbsp;: demander la correction des donn\u00e9es inexactes ou incompl\u00e8tes.<\/p>\n\n\n\n<p>\u2022&nbsp;<strong>Droit d\u2019effacement<\/strong>&nbsp;: demander la suppression des donn\u00e9es personnelles.<\/p>\n\n\n\n<p>\u2022&nbsp;<strong>Droit \u00e0 la limitation du traitement<\/strong>&nbsp;: demander de limiter l\u2019utilisation des donn\u00e9es.<\/p>\n\n\n\n<p>\u2022&nbsp;<strong>Droit d\u2019opposition<\/strong>&nbsp;: s\u2019opposer au traitement des donn\u00e9es dans certains cas.<\/p>\n\n\n\n<p>Pour exercer ces droits, les utilisateurs peuvent contacter Nexalys Development \u00e0 l\u2019adresse suivante :<\/p>\n\n\n\n<p>\u2022&nbsp;<strong>Adresse e-mail<\/strong>&nbsp;: alexis.brioix@nexalys-development.com<\/p>\n\n\n\n<p>\u2022&nbsp;<strong>Adresse postale<\/strong>&nbsp;: Nexalys Development, 21 rue du Puits Romain, L-8070 Bertrand, Luxembourg<\/p>\n\n\n\n<div class=\"wp-block-buttons is-horizontal is-content-justification-left is-layout-flex wp-container-core-buttons-is-layout-20be11b6 wp-block-buttons-is-layout-flex\">\n<div class=\"wp-block-button is-style-outline is-style-outline--1\"><a class=\"wp-block-button__link wp-element-button\" href=\"https:\/\/nexalys-development.com\/?page_id=719\">CONTACT<\/a><\/div>\n<\/div>\n\n\n\n<p><\/p>\n<\/div>\n\n\n\n<div class=\"wp-block-column is-layout-flow wp-block-column-is-layout-flow\">\n<figure class=\"wp-block-image size-large\"><img loading=\"lazy\" decoding=\"async\" width=\"1024\" height=\"576\" src=\"https:\/\/nexalys-development.com\/wp-content\/uploads\/2025\/01\/1-1024x576.png\" alt=\"\" class=\"wp-image-896\" srcset=\"https:\/\/nexalys-development.com\/wp-content\/uploads\/2025\/01\/1-1024x576.png 1024w, https:\/\/nexalys-development.com\/wp-content\/uploads\/2025\/01\/1-300x169.png 300w, https:\/\/nexalys-development.com\/wp-content\/uploads\/2025\/01\/1.png 1920w\" sizes=\"auto, (max-width: 1024px) 100vw, 1024px\" \/><\/figure>\n<\/div>\n<\/div>\n<\/div>\n","protected":false},"excerpt":{"rendered":"<p>Mentions l\u00e9gales Information sur l\u2019entreprise Nom de l\u2019entreprise&nbsp;&amp; forme juridique Nexalys Development, soci\u00e9t\u00e9 \u00e0 responsabilit\u00e9 limit\u00e9e simplifi\u00e9e (s\u00e0rls) Adresse du si\u00e8ge social 21 rue du Puits Romain, L-8070 Bertrange, Luxembourg RCS B292263 Autorisation d&#8217;\u00e9tablissement 10175029 \/ 1 Num\u00e9ro de TVA LU36244335 Responsable de la publication M.Alexis Brioix en qualit\u00e9 de g\u00e9rant de Nexalys Development s\u00e0rls &hellip; <\/p>\n<p class=\"link-more\"><a href=\"https:\/\/nexalys-development.com\/?page_id=895\" class=\"more-link\">Read more<span class=\"screen-reader-text\"> &#8220;Mentions l\u00e9gales&#8221;<\/span><\/a><\/p>\n","protected":false},"author":1,"featured_media":0,"parent":0,"menu_order":0,"comment_status":"closed","ping_status":"closed","template":"","meta":{"footnotes":""},"class_list":["post-895","page","type-page","status-publish","hentry"],"_links":{"self":[{"href":"https:\/\/nexalys-development.com\/index.php?rest_route=\/wp\/v2\/pages\/895","targetHints":{"allow":["GET"]}}],"collection":[{"href":"https:\/\/nexalys-development.com\/index.php?rest_route=\/wp\/v2\/pages"}],"about":[{"href":"https:\/\/nexalys-development.com\/index.php?rest_route=\/wp\/v2\/types\/page"}],"author":[{"embeddable":true,"href":"https:\/\/nexalys-development.com\/index.php?rest_route=\/wp\/v2\/users\/1"}],"replies":[{"embeddable":true,"href":"https:\/\/nexalys-development.com\/index.php?rest_route=%2Fwp%2Fv2%2Fcomments&post=895"}],"version-history":[{"count":6,"href":"https:\/\/nexalys-development.com\/index.php?rest_route=\/wp\/v2\/pages\/895\/revisions"}],"predecessor-version":[{"id":1126,"href":"https:\/\/nexalys-development.com\/index.php?rest_route=\/wp\/v2\/pages\/895\/revisions\/1126"}],"wp:attachment":[{"href":"https:\/\/nexalys-development.com\/index.php?rest_route=%2Fwp%2Fv2%2Fmedia&parent=895"}],"curies":[{"name":"wp","href":"https:\/\/api.w.org\/{rel}","templated":true}]}}